{"id":518,"date":"2022-08-23T13:34:05","date_gmt":"2022-08-23T11:34:05","guid":{"rendered":"https:\/\/einsteins.ku.de\/archiv\/?page_id=518"},"modified":"2023-07-17T14:23:26","modified_gmt":"2023-07-17T12:23:26","slug":"nutzungsbedingungen","status":"publish","type":"page","link":"https:\/\/einsteins.ku.de\/archiv\/nutzungsbedingungen","title":{"rendered":"Nutzungsbedingungen"},"content":{"rendered":"\n<p>Mit dem Hochladen des Materials und dem&nbsp;Setzen des H\u00e4kchens&nbsp;erkl\u00e4ren Sie sich mit den folgenden Bedingungen einverstanden:<\/p>\n\n\n\n<p><strong>1. Voraussetzungen f\u00fcr die Ver\u00f6ffentlichung Ihres Materials<\/strong><\/p>\n\n\n\n<p>Vor dem Hochladen Ihres Materials m\u00fcssen Sie wahrheitsgem\u00e4\u00df pers\u00f6nliche Angaben machen.<\/p>\n\n\n\n<p>Das Bild muss frei von Rechten Dritter sein und darf keine unzul\u00e4ssigen Inhalte enthalten (siehe Ziffer 3 und 4).<\/p>\n\n\n\n<p><strong>2. Rechteeinr\u00e4umung<\/strong><\/p>\n\n\n\n<p>Mit dem Upload Ihres Materials r\u00e4umen Sie der Katholischen Universit\u00e4t Eichst\u00e4tt-Ingolstadt&nbsp;die Nutzungsrechte an dem \u00fcbermittelten Material unentgeltlich f\u00fcr folgende Zwecke ein:<\/p>\n\n\n\n<ul class=\"wp-block-list\">\n<li>Ver\u00f6ffentlichung im Internetangebot von&nbsp;einsteins.ku.de<\/li>\n\n\n\n<li>Ver\u00f6ffentlichung ausgew\u00e4hlter Inhalte auf Seiten der Katholischen Universit\u00e4t Eichst\u00e4tt-Ingolstadt in sozialen Netzwerken (z.B. Instagram etc.). F\u00fcr die Nutzung in sozialen Netzwerken kennzeichnen wir jedes Bild mit dem Namen des Fotografen.<\/li>\n<\/ul>\n\n\n\n<p><strong>3. Pflichten des Teilnehmers<\/strong><\/p>\n\n\n\n<p>Sie m\u00fcssen selbst Urheber des eingesandten Materials sein.<\/p>\n\n\n\n<p>Sie versichern au\u00dferdem, dass durch eine Ver\u00f6ffentlichung des Materials keine Pers\u00f6nlichkeitsrechte verletzt werden, insbesondere dass erkennbar abgebildete Personen damit einverstanden sind, dass das Bild oder Video ver\u00f6ffentlicht werden.<\/p>\n\n\n\n<p>Sie werden Vorstehendes der Katholischen Universit\u00e4t Eichst\u00e4tt-Ingolstadt&nbsp;auf Wunsch schriftlich versichern.<\/p>\n\n\n\n<p>Kommerzielle Inhalte (z. B. das Angebot von Waren und Dienstleistungen) sind nicht erlaubt.<\/p>\n\n\n\n<p><strong>4. Freischalten der Beitr\u00e4ge, Ausschluss von der Teilnahme, R\u00fccktritt<\/strong><\/p>\n\n\n\n<p>Die Redaktion sichtet alle eingereichten Fotos und Videos. Sie beh\u00e4lt sich das Recht vor, das Material nicht zu ver\u00f6ffentlichen oder von der Webseite zu l\u00f6schen, wenn der begr\u00fcndete Verdacht besteht, dass die Teilnahmebedingungen nicht eingehalten werden. Die Redaktion beh\u00e4lt sich vor, aus den eingesandten Bildern Galerien zu erstellen.<\/p>\n\n\n\n<p>Sie k\u00f6nnen Ihr Bild- und Videomaterial zur\u00fcckziehen. Hierzu senden Sie eine E-Mail an\u00a0<a href=\"mailto:info@einsteins-magazin.de\">info@einsteins-magazin.de<\/a> unter Angabe Ihres Namens, Ihrer Adresse, Ihrer E-Mail-Adresse und einer Beschreibung des eingereichten Materials sowie dem Zeitpunkt des Uploads.<\/p>\n","protected":false},"excerpt":{"rendered":"<p>Mit dem Hochladen des Materials und dem&nbsp;Setzen des H\u00e4kchens&nbsp;erkl\u00e4ren Sie sich mit den folgenden Bedingungen einverstanden: 1. Voraussetzungen f\u00fcr die Ver\u00f6ffentlichung Ihres Materials Vor dem Hochladen Ihres Materials m\u00fcssen Sie wahrheitsgem\u00e4\u00df pers\u00f6nliche Angaben machen. Das Bild muss frei von Rechten Dritter sein und darf keine unzul\u00e4ssigen Inhalte enthalten (siehe Ziffer 3 und 4). 2. Rechteeinr\u00e4umung [&hellip;]<\/p>\n","protected":false},"author":1,"featured_media":0,"parent":0,"menu_order":0,"comment_status":"closed","ping_status":"closed","template":"","meta":{"_acf_changed":false,"footnotes":""},"class_list":["post-518","page","type-page","status-publish","hentry"],"acf":[],"yoast_head":"<!-- This site is optimized with the Yoast SEO plugin v27.4 - https:\/\/yoast.com\/product\/yoast-seo-wordpress\/ -->\n<title>Nutzungsbedingungen - einsteins.archiv<\/title>\n<meta name=\"robots\" content=\"index, follow, max-snippet:-1, max-image-preview:large, max-video-preview:-1\" \/>\n<link rel=\"canonical\" href=\"https:\/\/einsteins.ku.de\/archiv\/nutzungsbedingungen\" \/>\n<meta property=\"og:locale\" content=\"de_DE\" \/>\n<meta property=\"og:type\" content=\"article\" \/>\n<meta property=\"og:title\" content=\"Nutzungsbedingungen - einsteins.archiv\" \/>\n<meta property=\"og:description\" content=\"Mit dem Hochladen des Materials und dem&nbsp;Setzen des H\u00e4kchens&nbsp;erkl\u00e4ren Sie sich mit den folgenden Bedingungen einverstanden: 1. Voraussetzungen f\u00fcr die Ver\u00f6ffentlichung Ihres Materials Vor dem Hochladen Ihres Materials m\u00fcssen Sie wahrheitsgem\u00e4\u00df pers\u00f6nliche Angaben machen. Das Bild muss frei von Rechten Dritter sein und darf keine unzul\u00e4ssigen Inhalte enthalten (siehe Ziffer 3 und 4). 2. Rechteeinr\u00e4umung [&hellip;]\" \/>\n<meta property=\"og:url\" content=\"https:\/\/einsteins.ku.de\/archiv\/nutzungsbedingungen\" \/>\n<meta property=\"og:site_name\" content=\"einsteins.archiv\" \/>\n<meta property=\"article:modified_time\" content=\"2023-07-17T12:23:26+00:00\" \/>\n<meta name=\"twitter:card\" content=\"summary_large_image\" \/>\n<meta name=\"twitter:label1\" content=\"Gesch\u00e4tzte Lesezeit\" \/>\n\t<meta name=\"twitter:data1\" content=\"2\u00a0Minuten\" \/>\n<script type=\"application\/ld+json\" class=\"yoast-schema-graph\">{\"@context\":\"https:\\\/\\\/schema.org\",\"@graph\":[{\"@type\":\"WebPage\",\"@id\":\"https:\\\/\\\/einsteins.ku.de\\\/archiv\\\/nutzungsbedingungen\",\"url\":\"https:\\\/\\\/einsteins.ku.de\\\/archiv\\\/nutzungsbedingungen\",\"name\":\"Nutzungsbedingungen - einsteins.archiv\",\"isPartOf\":{\"@id\":\"https:\\\/\\\/einsteins.ku.de\\\/archiv\\\/#website\"},\"datePublished\":\"2022-08-23T11:34:05+00:00\",\"dateModified\":\"2023-07-17T12:23:26+00:00\",\"breadcrumb\":{\"@id\":\"https:\\\/\\\/einsteins.ku.de\\\/archiv\\\/nutzungsbedingungen#breadcrumb\"},\"inLanguage\":\"de\",\"potentialAction\":[{\"@type\":\"ReadAction\",\"target\":[\"https:\\\/\\\/einsteins.ku.de\\\/archiv\\\/nutzungsbedingungen\"]}]},{\"@type\":\"BreadcrumbList\",\"@id\":\"https:\\\/\\\/einsteins.ku.de\\\/archiv\\\/nutzungsbedingungen#breadcrumb\",\"itemListElement\":[{\"@type\":\"ListItem\",\"position\":1,\"name\":\"Startseite\",\"item\":\"https:\\\/\\\/einsteins.ku.de\\\/archiv\\\/\"},{\"@type\":\"ListItem\",\"position\":2,\"name\":\"Nutzungsbedingungen\"}]},{\"@type\":\"WebSite\",\"@id\":\"https:\\\/\\\/einsteins.ku.de\\\/archiv\\\/#website\",\"url\":\"https:\\\/\\\/einsteins.ku.de\\\/archiv\\\/\",\"name\":\"einsteins.archiv\",\"description\":\"Magazin der Journalistik an der KU Eichst\u00e4tt\",\"potentialAction\":[{\"@type\":\"SearchAction\",\"target\":{\"@type\":\"EntryPoint\",\"urlTemplate\":\"https:\\\/\\\/einsteins.ku.de\\\/archiv\\\/?s={search_term_string}\"},\"query-input\":{\"@type\":\"PropertyValueSpecification\",\"valueRequired\":true,\"valueName\":\"search_term_string\"}}],\"inLanguage\":\"de\"}]}<\/script>\n<!-- \/ Yoast SEO plugin. -->","yoast_head_json":{"title":"Nutzungsbedingungen - einsteins.archiv","robots":{"index":"index","follow":"follow","max-snippet":"max-snippet:-1","max-image-preview":"max-image-preview:large","max-video-preview":"max-video-preview:-1"},"canonical":"https:\/\/einsteins.ku.de\/archiv\/nutzungsbedingungen","og_locale":"de_DE","og_type":"article","og_title":"Nutzungsbedingungen - einsteins.archiv","og_description":"Mit dem Hochladen des Materials und dem&nbsp;Setzen des H\u00e4kchens&nbsp;erkl\u00e4ren Sie sich mit den folgenden Bedingungen einverstanden: 1. Voraussetzungen f\u00fcr die Ver\u00f6ffentlichung Ihres Materials Vor dem Hochladen Ihres Materials m\u00fcssen Sie wahrheitsgem\u00e4\u00df pers\u00f6nliche Angaben machen. Das Bild muss frei von Rechten Dritter sein und darf keine unzul\u00e4ssigen Inhalte enthalten (siehe Ziffer 3 und 4). 2. Rechteeinr\u00e4umung [&hellip;]","og_url":"https:\/\/einsteins.ku.de\/archiv\/nutzungsbedingungen","og_site_name":"einsteins.archiv","article_modified_time":"2023-07-17T12:23:26+00:00","twitter_card":"summary_large_image","twitter_misc":{"Gesch\u00e4tzte Lesezeit":"2\u00a0Minuten"},"schema":{"@context":"https:\/\/schema.org","@graph":[{"@type":"WebPage","@id":"https:\/\/einsteins.ku.de\/archiv\/nutzungsbedingungen","url":"https:\/\/einsteins.ku.de\/archiv\/nutzungsbedingungen","name":"Nutzungsbedingungen - einsteins.archiv","isPartOf":{"@id":"https:\/\/einsteins.ku.de\/archiv\/#website"},"datePublished":"2022-08-23T11:34:05+00:00","dateModified":"2023-07-17T12:23:26+00:00","breadcrumb":{"@id":"https:\/\/einsteins.ku.de\/archiv\/nutzungsbedingungen#breadcrumb"},"inLanguage":"de","potentialAction":[{"@type":"ReadAction","target":["https:\/\/einsteins.ku.de\/archiv\/nutzungsbedingungen"]}]},{"@type":"BreadcrumbList","@id":"https:\/\/einsteins.ku.de\/archiv\/nutzungsbedingungen#breadcrumb","itemListElement":[{"@type":"ListItem","position":1,"name":"Startseite","item":"https:\/\/einsteins.ku.de\/archiv\/"},{"@type":"ListItem","position":2,"name":"Nutzungsbedingungen"}]},{"@type":"WebSite","@id":"https:\/\/einsteins.ku.de\/archiv\/#website","url":"https:\/\/einsteins.ku.de\/archiv\/","name":"einsteins.archiv","description":"Magazin der Journalistik an der KU Eichst\u00e4tt","potentialAction":[{"@type":"SearchAction","target":{"@type":"EntryPoint","urlTemplate":"https:\/\/einsteins.ku.de\/archiv\/?s={search_term_string}"},"query-input":{"@type":"PropertyValueSpecification","valueRequired":true,"valueName":"search_term_string"}}],"inLanguage":"de"}]}},"_links":{"self":[{"href":"https:\/\/einsteins.ku.de\/archiv\/wp-json\/wp\/v2\/pages\/518","targetHints":{"allow":["GET"]}}],"collection":[{"href":"https:\/\/einsteins.ku.de\/archiv\/wp-json\/wp\/v2\/pages"}],"about":[{"href":"https:\/\/einsteins.ku.de\/archiv\/wp-json\/wp\/v2\/types\/page"}],"author":[{"embeddable":true,"href":"https:\/\/einsteins.ku.de\/archiv\/wp-json\/wp\/v2\/users\/1"}],"replies":[{"embeddable":true,"href":"https:\/\/einsteins.ku.de\/archiv\/wp-json\/wp\/v2\/comments?post=518"}],"version-history":[{"count":11,"href":"https:\/\/einsteins.ku.de\/archiv\/wp-json\/wp\/v2\/pages\/518\/revisions"}],"predecessor-version":[{"id":975,"href":"https:\/\/einsteins.ku.de\/archiv\/wp-json\/wp\/v2\/pages\/518\/revisions\/975"}],"wp:attachment":[{"href":"https:\/\/einsteins.ku.de\/archiv\/wp-json\/wp\/v2\/media?parent=518"}],"curies":[{"name":"wp","href":"https:\/\/api.w.org\/{rel}","templated":true}]}}